{"id":1111,"date":"2022-02-14T23:11:05","date_gmt":"2022-02-14T22:11:05","guid":{"rendered":"http:\/\/www.inawohlgemuth.de\/WP-Villa-Altena\/?page_id=1111"},"modified":"2022-02-17T10:25:46","modified_gmt":"2022-02-17T09:25:46","slug":"coachingreisen-gluecksaktivitaeten","status":"publish","type":"page","link":"http:\/\/www.inawohlgemuth.de\/WP-Villa-Altena\/coachingreisen-teneriffa-griechenland\/coachingreisen-gluecksaktivitaeten\/","title":{"rendered":"Coachingreisen Gl\u00fccksaktivit\u00e4ten &#8211; Positive Psychologie"},"content":{"rendered":"<p>Was macht uns wirklich gl\u00fccklich? Was geh\u00f6rt f\u00fcr Sie zu einem &#8222;runden Leben&#8220; dazu? Finden Sie heraus, wie Sie die Erkenntnisse der Mental-Health-Studies, die klassischen 12 Gl\u00fccksaktivit\u00e4ten in Ihr Leben integrieren k\u00f6nnen. Nutzen Sie die Auszeit, etwas Neues auszuprobieren, was Sie als Gl\u00fccksbringer in Ihren Alltag integrieren k\u00f6nnen! St\u00e4rken Sie Ihre Genuss- und Beziehungsf\u00e4higkeit, aber auch Ihre F\u00e4higkeit zur Dankbarkeit und Hilfsbereitschaft, lernen Sie zu vergeben, entwickeln Sie Ihren Optimismus und gehen Sie auf Ihre Lebensziele zu!<\/p>\n<p>Seit \u00fcber 10 Jahren begleite und berate ich Menschen bei der St\u00e4rkung ihrer pers\u00f6nlichen Gl\u00fccksaktivit\u00e4ten. In der inspirierenden Umgebung von La Orotava mit Blick auf den Vulkan Teide und den Atlantik und im Kontakt mit Ihrer Coaching-Gruppe erleben Sie praktisch mit allen Sinnen neue Gl\u00fccksmomente<\/p>\n<p>Termin:<strong> Montag, den 18. Juli bis Montag, den 25. Juli 2022<\/strong> in <strong>La Orotava (Nord-Teneriffa).<\/strong> Die Coachingsitzungen finden von Dienstag bis Freitags von 11:00 bis 14:00 Uhr (insgesamt 12 Stunden) statt.<\/p>\n<p>Rahmenbedingungen: Das Coaching findet in einer Kleingruppe von <strong>2 bis max. 5<\/strong> <strong>Personen<\/strong> statt und kostet <strong>1180,00 \u20ac<\/strong>. Anreise und Unterkunft kommen als Kosten hinzu, wobei wir Ihnen bei Flug- und Unterkunftsuche gerne zur Verf\u00fcgung stehen. F\u00fcr ein Paar oder zwei Einzelreisende bieten wir in La Orotava gerne unsere wunderh\u00fcbsche <a href=\"https:\/\/www.ferienwohnung-teneriffa-orotava.de\"><strong>Ferienwohnung Casa Amarilla<\/strong><\/a> f\u00fcr insgesamt <strong>560 \u20ac<\/strong> die Woche an.<\/p>\n<p><em><strong>Anmeldefrist l\u00e4uft bis zum 1. Juli 2022!<\/strong><\/em><\/p>\n<div id=\"attachment_1011\" style=\"width: 210px\" class=\"wp-caption alignright\"><img loading=\"lazy\" decoding=\"async\" aria-describedby=\"caption-attachment-1011\" class=\"size-medium wp-image-1011\" src=\"http:\/\/www.inawohlgemuth.de\/WP-Villa-Altena\/wp-content\/uploads\/2022\/02\/caju-gomes-QDq3YliZg48-unsplash-200x300.jpg\" alt=\"\" width=\"200\" height=\"300\" srcset=\"http:\/\/www.inawohlgemuth.de\/WP-Villa-Altena\/wp-content\/uploads\/2022\/02\/caju-gomes-QDq3YliZg48-unsplash-200x300.jpg 200w, http:\/\/www.inawohlgemuth.de\/WP-Villa-Altena\/wp-content\/uploads\/2022\/02\/caju-gomes-QDq3YliZg48-unsplash-683x1024.jpg 683w, http:\/\/www.inawohlgemuth.de\/WP-Villa-Altena\/wp-content\/uploads\/2022\/02\/caju-gomes-QDq3YliZg48-unsplash-768x1152.jpg 768w, http:\/\/www.inawohlgemuth.de\/WP-Villa-Altena\/wp-content\/uploads\/2022\/02\/caju-gomes-QDq3YliZg48-unsplash-1024x1536.jpg 1024w, http:\/\/www.inawohlgemuth.de\/WP-Villa-Altena\/wp-content\/uploads\/2022\/02\/caju-gomes-QDq3YliZg48-unsplash-1365x2048.jpg 1365w, http:\/\/www.inawohlgemuth.de\/WP-Villa-Altena\/wp-content\/uploads\/2022\/02\/caju-gomes-QDq3YliZg48-unsplash-scaled.jpg 1707w\" sizes=\"auto, (max-width: 200px) 100vw, 200px\" \/><p id=\"caption-attachment-1011\" class=\"wp-caption-text\">Gl\u00fccksaktivit\u00e4ten<\/p><\/div>\n","protected":false},"excerpt":{"rendered":"<p>Was macht uns wirklich gl\u00fccklich? Was geh\u00f6rt f\u00fcr Sie zu einem &#8222;runden Leben&#8220; dazu? Finden Sie heraus, wie Sie die Erkenntnisse der Mental-Health-Studies, die klassischen 12 Gl\u00fccksaktivit\u00e4ten in Ihr Leben integrieren k\u00f6nnen. Nutzen Sie die Auszeit, etwas Neues auszuprobieren, was &hellip; <a href=\"http:\/\/www.inawohlgemuth.de\/WP-Villa-Altena\/coachingreisen-teneriffa-griechenland\/coachingreisen-gluecksaktivitaeten\/\">Weiterlesen <span class=\"meta-nav\">&rarr;<\/span><\/a><\/p>\n","protected":false},"author":1,"featured_media":1104,"parent":459,"menu_order":0,"comment_status":"closed","ping_status":"closed","template":"","meta":{"footnotes":""},"class_list":["post-1111","page","type-page","status-publish","has-post-thumbnail","hentry"],"_links":{"self":[{"href":"http:\/\/www.inawohlgemuth.de\/WP-Villa-Altena\/wp-json\/wp\/v2\/pages\/1111","targetHints":{"allow":["GET"]}}],"collection":[{"href":"http:\/\/www.inawohlgemuth.de\/WP-Villa-Altena\/wp-json\/wp\/v2\/pages"}],"about":[{"href":"http:\/\/www.inawohlgemuth.de\/WP-Villa-Altena\/wp-json\/wp\/v2\/types\/page"}],"author":[{"embeddable":true,"href":"http:\/\/www.inawohlgemuth.de\/WP-Villa-Altena\/wp-json\/wp\/v2\/users\/1"}],"replies":[{"embeddable":true,"href":"http:\/\/www.inawohlgemuth.de\/WP-Villa-Altena\/wp-json\/wp\/v2\/comments?post=1111"}],"version-history":[{"count":6,"href":"http:\/\/www.inawohlgemuth.de\/WP-Villa-Altena\/wp-json\/wp\/v2\/pages\/1111\/revisions"}],"predecessor-version":[{"id":1281,"href":"http:\/\/www.inawohlgemuth.de\/WP-Villa-Altena\/wp-json\/wp\/v2\/pages\/1111\/revisions\/1281"}],"up":[{"embeddable":true,"href":"http:\/\/www.inawohlgemuth.de\/WP-Villa-Altena\/wp-json\/wp\/v2\/pages\/459"}],"wp:featuredmedia":[{"embeddable":true,"href":"http:\/\/www.inawohlgemuth.de\/WP-Villa-Altena\/wp-json\/wp\/v2\/media\/1104"}],"wp:attachment":[{"href":"http:\/\/www.inawohlgemuth.de\/WP-Villa-Altena\/wp-json\/wp\/v2\/media?parent=1111"}],"curies":[{"name":"wp","href":"https:\/\/api.w.org\/{rel}","templated":true}]}}