{"id":703,"date":"2020-07-07T10:12:33","date_gmt":"2020-07-07T08:12:33","guid":{"rendered":"http:\/\/www.inawohlgemuth.de\/WP-Villa-Altena\/?page_id=703"},"modified":"2020-11-24T11:36:39","modified_gmt":"2020-11-24T10:36:39","slug":"faecher","status":"publish","type":"page","link":"http:\/\/www.inawohlgemuth.de\/WP-Villa-Altena\/faecher\/","title":{"rendered":"Unterrichtsf\u00e4cher"},"content":{"rendered":"<h2><strong>Schlagzeug<\/strong><img loading=\"lazy\" decoding=\"async\" class=\"alignright wp-image-762\" src=\"http:\/\/www.inawohlgemuth.de\/WP-Villa-Altena\/wp-content\/uploads\/2020\/07\/WhatsApp-Image-2020-05-29-at-21.32.09-4-240x300.jpeg\" alt=\"\" width=\"148\" height=\"183\" \/><\/h2>\n<p>Schlagzeug hat dich schon immer begeistert? Du f\u00e4ngst gerade erst an, dich mit deinem Instrument vertraut zu machen?<br \/>\nDu spielst schon l\u00e4nger willst dein Spiel aufs n\u00e4chste Level bringen?<br \/>\nDu stehst auf extremen Metal, spielst vielleicht schon in Bands und willst dich fit f\u00fcr die B\u00fchne\/eine Tour machen?<\/p>\n<p>Dann bist du bei mir genau richtig! Ich biete personalisierte \u00dcbekonzepte, ob kleinschrittig oder Themen-\u00fcbergreifend f\u00fcr klein und gro\u00df an.<br \/>\nInteresse geweckt?<\/p>\n<ul>\n<li>Ergonomie am Instrument (K\u00f6rperhaltung, Set-Aufbau)<\/li>\n<li>Handhaltung und Fingertechniken (Push-Pull, Moeller, German-Grip, French-Grip)<\/li>\n<li>Fu\u00dftechniken &amp; Spiel mit Doppelfu\u00dfmaschine (Heel-Up, Heel-Down, Heel-Toe, Slide-Technik)<\/li>\n<li>Erlernen von Notensystem und Rudiments<\/li>\n<li>Klang und Stimmung des Intruments (Genre-typische Sounds und Techniken in Pop, Rock&amp;Metal)<\/li>\n<li>Song-Analytik &amp; Leadsheet Writing<\/li>\n<li>Live-Performance (\u00dcbe-Routinen und Konzepte, B\u00fchnen- und Tour-Vorbereitung)<\/li>\n<\/ul>\n<hr \/>\n<h2><strong>Bass<\/strong><img loading=\"lazy\" decoding=\"async\" class=\"alignright wp-image-763\" src=\"http:\/\/www.inawohlgemuth.de\/WP-Villa-Altena\/wp-content\/uploads\/2020\/07\/Fotopellebass4-200x300.jpg\" alt=\"\" width=\"140\" height=\"204\" \/><\/h2>\n<p><em><strong>Grundlagen Bass, Rhythmus- und Harmonielehre, Spieltechniken, Improvisation<\/strong><\/em><\/p>\n<p>Du interessierst dich f\u00fcr Bass und Groove?<br \/>\nDu m\u00f6chtest mit Deinem Bass in einer Band spielen?<br \/>\nDu hast bereits Erfahrung mit Deinem Instrument und m\u00f6chtest Dich jetzt in Spieltechniken wie Wechselschlag und Slappen weiter entwickeln?<br \/>\nDu m\u00f6chtest Dich auf der B\u00fchne nach vorne trauen mit eigenen Improvisationen und spannenden Soli?<\/p>\n<p>Dann bist du hier genau richtig.<br \/>\nIch bin 23 Jahre alt, wohne in Altena und spiele neben meinem Beruf als Erzieher seit \u00fcber 15 Jahren E-Bass.<\/p>\n<p>Mein musikalischer Werdegang reicht von Big Bands, Cover\/Rock \u201eKollektiv Wortrock\u201c Funk\/Latin\/ \u201eP&amp;P\u201c, Singer Songwriter \u201eSchwieriges Kind\u201c,\u00a0Jazz \u201eBags Groove\u201c und viele mehr.<br \/>\nZu meinen gr\u00f6\u00dften Vorbildern und Einfl\u00fcssen geh\u00f6ren<br \/>\nBands wie: Beatles, Red Hot Chili Peppers, Stevie Wonder<br \/>\nSolok\u00fcnstler: Victor Wooten, Federico Malaman, Marcus Miller<\/p>\n<p>In dieser Zeit habe ich nicht nur viel B\u00fchnenerfahrungen sammeln, sondern auch verschiedenste Techniken und Stiele auf dem Bass entdecken und perfektionieren k\u00f6nnen.<\/p>\n<p><strong>Was ich Dir im Unterricht anbiete:<\/strong><br \/>\nGrundlagen auf dem Bass, Rhythmus \u2013 , Melodie \u2013 und Harmonielehre.<br \/>\nSpieltechniken: Wechselschlag, Slapping, Akkorde, improvosieren und solieren.<br \/>\nAuftrittsvorbereitung<\/p>\n<hr \/>\n<h2><strong>Gesang, Stimmentwicklung, Lampenfieberlabor<\/strong><img loading=\"lazy\" decoding=\"async\" class=\"alignright wp-image-764 \" src=\"http:\/\/www.inawohlgemuth.de\/WP-Villa-Altena\/wp-content\/uploads\/2020\/07\/Ina1-scaled-e1594161603460-300x282.jpg\" alt=\"\" width=\"143\" height=\"135\" srcset=\"http:\/\/www.inawohlgemuth.de\/WP-Villa-Altena\/wp-content\/uploads\/2020\/07\/Ina1-scaled-e1594161603460-300x282.jpg 300w, http:\/\/www.inawohlgemuth.de\/WP-Villa-Altena\/wp-content\/uploads\/2020\/07\/Ina1-scaled-e1594161603460-1024x962.jpg 1024w, http:\/\/www.inawohlgemuth.de\/WP-Villa-Altena\/wp-content\/uploads\/2020\/07\/Ina1-scaled-e1594161603460-768x721.jpg 768w, http:\/\/www.inawohlgemuth.de\/WP-Villa-Altena\/wp-content\/uploads\/2020\/07\/Ina1-scaled-e1594161603460-319x300.jpg 319w, http:\/\/www.inawohlgemuth.de\/WP-Villa-Altena\/wp-content\/uploads\/2020\/07\/Ina1-scaled-e1594161603460.jpg 1369w\" sizes=\"auto, (max-width: 143px) 100vw, 143px\" \/><\/h2>\n<p>Du singst gerne, aber bisher nur unter der Dusche?<br \/>\nDu singst schon au\u00dferhalb der Dusche, m\u00f6chtest Deiner Stimme aber mehr Klang, Volumen und eine sichere Intonation geben?<br \/>\nDu bist bereits als S\u00e4ngerIn unterwegs und willst an Deinem Stimmumfang, Deiner B\u00fchnenpr\u00e4senz und an Deinem Lampenfieber arbeiten?<br \/>\nDu m\u00f6chtest etwas tun gegen Stimmbandprobleme, Heiserkeiten und lernen, wie Du Deine Stimme pflegst und entwickelst?<br \/>\nDu bist im Grunde rundherum zufrieden mit Deiner Stimme und m\u00f6chtest gerne f\u00fcr Dich eine Orientierung f\u00fcr Deine musikalische Entwicklung bekommen?<\/p>\n<p>Dann bist Du richtig hier bei mir. Als b\u00fchnenerfahrene S\u00e4ngerin, ausgebildete Stimmcoach und Psychologin begleite ich Dich auf Deiner Entdeckungsreise zu Deinem wunderbaren Instrument, Deiner Stimme. Die Stimme ist als menschliches Organ untrennbar mit unserer \u201eStimmung\u201c, unserem Denken und F\u00fchlen verbunden. Daher geh\u00f6ren f\u00fcr mich Stimmbildung und stimmtherapeutische Hilfestellungen zusammen. Wenn Du lernst, Deine eigene Stimme zu entdecken und sie frei schwingen zu lassen, hast Du viel \u00fcber Dich und Deinen guten Umgang mit Dir selbst gelernt. Dies ist die Basis f\u00fcr alle musikalischen Richtungen, in die Du Dich m\u00f6glicherweise entwickeln willst.<\/p>\n<h4>Lehrinhalte<\/h4>\n<ul>\n<li>Geh\u00f6r- und Stimmbildung<\/li>\n<li>Intonation<\/li>\n<li>Atemtechniken<\/li>\n<li>Stimmentwicklung auf Basis der funktionalen Stimmtherapie<\/li>\n<li>Volumen- und Resonanzentwicklung<\/li>\n<li>Stimmpflege und Hilfe bei Stimmbandproblemen<\/li>\n<li>Pr\u00e4senz und Souver\u00e4nit\u00e4t auf der B\u00fchne<\/li>\n<li>Jazz-, Pop- und Rockgesang<\/li>\n<li>Klassischer Gesang<\/li>\n<li>Orientierungshilfe als S\u00e4nger und S\u00e4ngerin<\/li>\n<\/ul>\n<hr \/>\n<p><strong>Klavier \u00a0 \u00a0<\/strong> \u00a0 \u00a0 \u00a0 \u00a0 \u00a0 \u00a0 \u00a0 \u00a0 \u00a0 \u00a0 \u00a0 \u00a0 \u00a0 \u00a0 \u00a0\u00a0<img loading=\"lazy\" decoding=\"async\" class=\"wp-image-766 alignright\" src=\"http:\/\/www.inawohlgemuth.de\/WP-Villa-Altena\/wp-content\/uploads\/2020\/07\/Piano-300x169.jpg\" alt=\"\" width=\"186\" height=\"108\" \/><\/p>\n<p>Du m\u00f6chtest gerne wundersch\u00f6ne Klassiker auf dem Klavier spielen k\u00f6nnen? Oder m\u00f6chtest Du, ganz weit von konzertanter Klassik entfernt, lernen, wie Du Deine eigene Musik elektronische komponieren kannst?<\/p>\n<p>Als studierter Pianist und leidenschaftlicher Elektro-Komponist stelle ich mich in meinem Unterricht auf Deine Interessen ein \u2013 von der Klassik bis zur Moderne!<\/p>\n<hr \/>\n<p><strong>Geige<\/strong><img loading=\"lazy\" decoding=\"async\" class=\"alignright wp-image-767 \" src=\"http:\/\/www.inawohlgemuth.de\/WP-Villa-Altena\/wp-content\/uploads\/2020\/07\/Geige-e1594161699189-272x300.jpg\" alt=\"\" width=\"150\" height=\"164\" srcset=\"http:\/\/www.inawohlgemuth.de\/WP-Villa-Altena\/wp-content\/uploads\/2020\/07\/Geige-e1594161699189-272x300.jpg 272w, http:\/\/www.inawohlgemuth.de\/WP-Villa-Altena\/wp-content\/uploads\/2020\/07\/Geige-e1594161699189.jpg 658w\" sizes=\"auto, (max-width: 150px) 100vw, 150px\" \/><\/p>\n<p>Du m\u00f6chtest gerne Geige lernen oder wieder nach langer Zeit anfangen ?<br \/>\nDann bist du bei mir ganz richtig!<\/p>\n<p>Ich unterrichte Anf\u00e4nger und auch Wiedereinsteiger im klassischen Geigenunterricht.<br \/>\nGemeinsam lernen wir Noten lesen und somit erste klassische St\u00fccke spielen.<br \/>\nAuch Harmonielehre und die richtige Haltung wird hier nicht zu kurz kommen, sowie der Spass im Unterricht, am Lernen und der Musik.<br \/>\nIch freue mich auf Dich !<\/p>\n<hr \/>\n<h2><strong>Gitarre<\/strong><img loading=\"lazy\" decoding=\"async\" class=\"alignright wp-image-761\" src=\"http:\/\/www.inawohlgemuth.de\/WP-Villa-Altena\/wp-content\/uploads\/2020\/07\/Gitarre-4-300x200.jpg\" alt=\"\" width=\"189\" height=\"130\" \/><\/h2>\n<p>F\u00fcr Anf\u00e4nger, Fortgeschrittene oder Wiedereinsteiger \u2013\u00a0 unser Unterricht wird immer auf die speziellen <strong>Bed\u00fcrfnisse und F\u00e4higkeiten des Sch\u00fclers<\/strong>\u00a0abgestimmt.<\/p>\n<p>Von\u00a0<strong>Rock\/Pop<\/strong>\u00a0\u00fcber\u00a0<strong>Funk<\/strong>\u00a0und\u00a0<strong>Blues<\/strong> bis hin zum <strong>Jazz<\/strong> sind dem Unterricht keine Grenzen gesetzt. Je nach Wunsch mit Noten oder ohne Noten!\u00a0 F\u00fcr Interessierte Sch\u00fcler bieten wir auch <strong>Geh\u00f6rbildung<\/strong>,\u00a0<strong>Harmonielehre<\/strong>,\u00a0<strong>Rhythmuslehre<\/strong>\u00a0und\u00a0<strong>Improvisation<\/strong>\u00a0an.<\/p>\n<hr \/>\n<p><strong>Bandcoaching<\/strong><br \/>\n<strong>Stage-Training f\u00fcr Musiker*innen<\/strong><\/p>\n","protected":false},"excerpt":{"rendered":"<p>Schlagzeug Schlagzeug hat dich schon immer begeistert? Du f\u00e4ngst gerade erst an, dich mit deinem Instrument vertraut zu machen? Du spielst schon l\u00e4nger willst dein Spiel aufs n\u00e4chste Level bringen? Du stehst auf extremen Metal, spielst vielleicht schon in Bands &hellip; <a href=\"http:\/\/www.inawohlgemuth.de\/WP-Villa-Altena\/faecher\/\">Weiterlesen <span class=\"meta-nav\">&rarr;<\/span><\/a><\/p>\n","protected":false},"author":2,"featured_media":0,"parent":0,"menu_order":0,"comment_status":"closed","ping_status":"closed","template":"sidebar-page.php","meta":{"footnotes":""},"class_list":["post-703","page","type-page","status-publish","hentry"],"_links":{"self":[{"href":"http:\/\/www.inawohlgemuth.de\/WP-Villa-Altena\/wp-json\/wp\/v2\/pages\/703","targetHints":{"allow":["GET"]}}],"collection":[{"href":"http:\/\/www.inawohlgemuth.de\/WP-Villa-Altena\/wp-json\/wp\/v2\/pages"}],"about":[{"href":"http:\/\/www.inawohlgemuth.de\/WP-Villa-Altena\/wp-json\/wp\/v2\/types\/page"}],"author":[{"embeddable":true,"href":"http:\/\/www.inawohlgemuth.de\/WP-Villa-Altena\/wp-json\/wp\/v2\/users\/2"}],"replies":[{"embeddable":true,"href":"http:\/\/www.inawohlgemuth.de\/WP-Villa-Altena\/wp-json\/wp\/v2\/comments?post=703"}],"version-history":[{"count":16,"href":"http:\/\/www.inawohlgemuth.de\/WP-Villa-Altena\/wp-json\/wp\/v2\/pages\/703\/revisions"}],"predecessor-version":[{"id":812,"href":"http:\/\/www.inawohlgemuth.de\/WP-Villa-Altena\/wp-json\/wp\/v2\/pages\/703\/revisions\/812"}],"wp:attachment":[{"href":"http:\/\/www.inawohlgemuth.de\/WP-Villa-Altena\/wp-json\/wp\/v2\/media?parent=703"}],"curies":[{"name":"wp","href":"https:\/\/api.w.org\/{rel}","templated":true}]}}